{"id":639,"date":"2021-02-20T10:05:27","date_gmt":"2021-02-20T13:05:27","guid":{"rendered":"http:\/\/dandaranocerrado.org\/index.php\/stage-shows\/"},"modified":"2021-08-29T11:39:37","modified_gmt":"2021-08-29T14:39:37","slug":"projetos","status":"publish","type":"page","link":"https:\/\/dandaranocerrado.org\/index.php\/home\/projetos\/","title":{"rendered":"Projetos"},"content":{"rendered":"\t\t<div data-elementor-type=\"wp-page\" data-elementor-id=\"639\" class=\"elementor elementor-639\" data-elementor-settings=\"[]\">\n\t\t\t\t\t\t\t<div class=\"elementor-section-wrap\">\n\t\t\t\t\t\t\t<section class=\"elementor-section elementor-top-section elementor-element elementor-element-0974adb elementor-section-height-min-height elementor-section-boxed elementor-section-height-default elementor-section-items-middle\" data-id=\"0974adb\" data-element_type=\"section\" data-settings=\"{&quot;background_background&quot;:&quot;classic&quot;}\">\n\t\t\t\t\t\t\t<div class=\"elementor-background-overlay\"><\/div>\n\t\t\t\t\t\t\t<div class=\"elementor-container elementor-column-gap-no\">\n\t\t\t\t\t<div class=\"elementor-column elementor-col-100 elementor-top-column elementor-element elementor-element-5bb59db\" data-id=\"5bb59db\" data-element_type=\"column\">\n\t\t\t<div class=\"elementor-widget-wrap elementor-element-populated\">\n\t\t\t\t\t\t\t\t<div class=\"elementor-element elementor-element-5378467 elementor-widget elementor-widget-heading\" data-id=\"5378467\" data-element_type=\"widget\" data-widget_type=\"heading.default\">\n\t\t\t\t<div class=\"elementor-widget-container\">\n\t\t\t<h1 class=\"elementor-heading-title elementor-size-default\">Projetos<\/h1>\t\t<\/div>\n\t\t\t\t<\/div>\n\t\t\t\t\t<\/div>\n\t\t<\/div>\n\t\t\t\t\t\t\t<\/div>\n\t\t<\/section>\n\t\t\t\t<section class=\"elementor-section elementor-top-section elementor-element elementor-element-791ffcd elementor-section-boxed elementor-section-height-default elementor-section-height-default\" data-id=\"791ffcd\" data-element_type=\"section\" data-settings=\"{&quot;background_background&quot;:&quot;gradient&quot;}\">\n\t\t\t\t\t\t<div class=\"elementor-container elementor-column-gap-no\">\n\t\t\t\t\t<div class=\"elementor-column elementor-col-100 elementor-top-column elementor-element elementor-element-8931f4f\" data-id=\"8931f4f\" data-element_type=\"column\">\n\t\t\t<div class=\"elementor-widget-wrap elementor-element-populated\">\n\t\t\t\t\t\t\t\t<div class=\"elementor-element elementor-element-4c9fd25 elementor-widget elementor-widget-heading\" data-id=\"4c9fd25\" data-element_type=\"widget\" data-widget_type=\"heading.default\">\n\t\t\t\t<div class=\"elementor-widget-container\">\n\t\t\t<h2 class=\"elementor-heading-title elementor-size-default\">Investiga menina!<\/h2>\t\t<\/div>\n\t\t\t\t<\/div>\n\t\t\t\t<section class=\"elementor-section elementor-inner-section elementor-element elementor-element-a8b0a3b elementor-section-boxed elementor-section-height-default elementor-section-height-default\" data-id=\"a8b0a3b\" data-element_type=\"section\">\n\t\t\t\t\t\t<div class=\"elementor-container elementor-column-gap-default\">\n\t\t\t\t\t<div class=\"elementor-column elementor-col-50 elementor-inner-column elementor-element elementor-element-f8f3dda\" data-id=\"f8f3dda\" data-element_type=\"column\">\n\t\t\t<div class=\"elementor-widget-wrap elementor-element-populated\">\n\t\t\t\t\t\t\t\t<div class=\"elementor-element elementor-element-4b967c7 elementor-widget elementor-widget-text-editor\" data-id=\"4b967c7\" data-element_type=\"widget\" data-widget_type=\"text-editor.default\">\n\t\t\t\t<div class=\"elementor-widget-container\">\n\t\t\t\t\t\t\t\t<p>Nos \u00faltimos anos, a ONG Grupo de Mulheres Negras Dandara no Cerrado tem realizado o projeto Investiga Menina!, junto ao Laborat\u00f3rio de Pesquisas em Educa\u00e7\u00e3o Qu\u00edmica e Inclus\u00e3o da Universidade Federal de Goi\u00e1s (LPEQI\/UFG), que visa incentivar meninas negras perif\u00e9ricas a seguirem carreiras cient\u00edficas. O resultado que temos acompanhado, ao longo de 6 anos da exist\u00eancia desse projeto, \u00e9 o ingresso de jovens negras em cursos de gradua\u00e7\u00e3o, de p\u00f3s-gradua\u00e7\u00e3o, buscando forma\u00e7\u00e3o continuada nas carreiras acad\u00eamicas de pesquisa cient\u00edfica. Temos visto meninas que participaram do Investiga Menina! h\u00e1 anos atr\u00e1s se tornando f\u00edsicas, qu\u00edmicas, matem\u00e1ticas, bi\u00f3logas, mestrandas e doutorandas em diversas \u00e1reas cient\u00edficas, com a possibilidade de mudar o destino socioecon\u00f4mico de suas fam\u00edlias.<\/p>\t\t\t\t\t\t<\/div>\n\t\t\t\t<\/div>\n\t\t\t\t\t<\/div>\n\t\t<\/div>\n\t\t\t\t<div class=\"elementor-column elementor-col-50 elementor-inner-column elementor-element elementor-element-8d565bb\" data-id=\"8d565bb\" data-element_type=\"column\">\n\t\t\t<div class=\"elementor-widget-wrap elementor-element-populated\">\n\t\t\t\t\t\t\t\t<div class=\"elementor-element elementor-element-453102b elementor-arrows-position-inside elementor-pagination-position-outside elementor-widget elementor-widget-image-carousel\" data-id=\"453102b\" data-element_type=\"widget\" data-settings=\"{&quot;slides_to_show&quot;:&quot;1&quot;,&quot;navigation&quot;:&quot;both&quot;,&quot;autoplay&quot;:&quot;yes&quot;,&quot;pause_on_hover&quot;:&quot;yes&quot;,&quot;pause_on_interaction&quot;:&quot;yes&quot;,&quot;autoplay_speed&quot;:5000,&quot;infinite&quot;:&quot;yes&quot;,&quot;effect&quot;:&quot;slide&quot;,&quot;speed&quot;:500}\" data-widget_type=\"image-carousel.default\">\n\t\t\t\t<div class=\"elementor-widget-container\">\n\t\t\t\t\t<div class=\"elementor-image-carousel-wrapper swiper-container\" dir=\"ltr\">\n\t\t\t<div class=\"elementor-image-carousel swiper-wrapper\">\n\t\t\t\t<div class=\"swiper-slide\"><figure class=\"swiper-slide-inner\"><img decoding=\"async\" class=\"swiper-slide-image\" src=\"https:\/\/dandaranocerrado.org\/wp-content\/uploads\/2021\/08\/60778020_2723469021058034_2228139921183342592_n-300x225.jpg\" alt=\"60778020_2723469021058034_2228139921183342592_n\" \/><\/figure><\/div><div class=\"swiper-slide\"><figure class=\"swiper-slide-inner\"><img decoding=\"async\" class=\"swiper-slide-image\" src=\"https:\/\/dandaranocerrado.org\/wp-content\/uploads\/2021\/08\/investigaMenina1-300x300.png\" alt=\"investigaMenina1\" \/><\/figure><\/div><div class=\"swiper-slide\"><figure class=\"swiper-slide-inner\"><img decoding=\"async\" class=\"swiper-slide-image\" src=\"https:\/\/dandaranocerrado.org\/wp-content\/uploads\/2021\/08\/60928895_2723446717726931_1807302880739196928_n-300x225.jpg\" alt=\"60928895_2723446717726931_1807302880739196928_n\" \/><\/figure><\/div><div class=\"swiper-slide\"><figure class=\"swiper-slide-inner\"><img decoding=\"async\" class=\"swiper-slide-image\" src=\"https:\/\/dandaranocerrado.org\/wp-content\/uploads\/2021\/08\/60889349_2723469114391358_7663041346277474304_n-300x225.jpg\" alt=\"60889349_2723469114391358_7663041346277474304_n\" \/><\/figure><\/div><div class=\"swiper-slide\"><figure class=\"swiper-slide-inner\"><img decoding=\"async\" class=\"swiper-slide-image\" src=\"https:\/\/dandaranocerrado.org\/wp-content\/uploads\/2021\/08\/60820954_2723468404391429_3289550275601235968_n-300x225.jpg\" alt=\"60820954_2723468404391429_3289550275601235968_n\" \/><\/figure><\/div><div class=\"swiper-slide\"><figure class=\"swiper-slide-inner\"><img decoding=\"async\" class=\"swiper-slide-image\" src=\"https:\/\/dandaranocerrado.org\/wp-content\/uploads\/2021\/08\/60744313_2723445761060360_5607515984626712576_n-300x225.jpg\" alt=\"60744313_2723445761060360_5607515984626712576_n\" \/><\/figure><\/div><div class=\"swiper-slide\"><figure class=\"swiper-slide-inner\"><img decoding=\"async\" class=\"swiper-slide-image\" src=\"https:\/\/dandaranocerrado.org\/wp-content\/uploads\/2021\/08\/60674160_2723692974368972_6956491609445761024_n-300x225.jpg\" alt=\"60674160_2723692974368972_6956491609445761024_n\" \/><\/figure><\/div><div class=\"swiper-slide\"><figure class=\"swiper-slide-inner\"><img decoding=\"async\" class=\"swiper-slide-image\" src=\"https:\/\/dandaranocerrado.org\/wp-content\/uploads\/2021\/08\/60659463_2723468851058051_5518044149334409216_n-300x225.jpg\" alt=\"60659463_2723468851058051_5518044149334409216_n\" \/><\/figure><\/div><div class=\"swiper-slide\"><figure class=\"swiper-slide-inner\"><img decoding=\"async\" class=\"swiper-slide-image\" src=\"https:\/\/dandaranocerrado.org\/wp-content\/uploads\/2021\/08\/60650598_2723692787702324_3122435705159024640_n-300x225.jpg\" alt=\"60650598_2723692787702324_3122435705159024640_n\" \/><\/figure><\/div><div class=\"swiper-slide\"><figure class=\"swiper-slide-inner\"><img decoding=\"async\" class=\"swiper-slide-image\" src=\"https:\/\/dandaranocerrado.org\/wp-content\/uploads\/2021\/08\/60640924_2723444871060449_1344253518730493952_n-300x225.jpg\" alt=\"60640924_2723444871060449_1344253518730493952_n\" \/><\/figure><\/div><div class=\"swiper-slide\"><figure class=\"swiper-slide-inner\"><img decoding=\"async\" class=\"swiper-slide-image\" src=\"https:\/\/dandaranocerrado.org\/wp-content\/uploads\/2021\/08\/60541768_2723450224393247_8088363006888509440_n-300x225.jpg\" alt=\"60541768_2723450224393247_8088363006888509440_n\" \/><\/figure><\/div><div class=\"swiper-slide\"><figure class=\"swiper-slide-inner\"><img decoding=\"async\" class=\"swiper-slide-image\" src=\"https:\/\/dandaranocerrado.org\/wp-content\/uploads\/2021\/08\/60519264_2723451841059752_8049912995070869504_n-300x225.jpg\" alt=\"60519264_2723451841059752_8049912995070869504_n\" \/><\/figure><\/div><div class=\"swiper-slide\"><figure class=\"swiper-slide-inner\"><img decoding=\"async\" class=\"swiper-slide-image\" src=\"https:\/\/dandaranocerrado.org\/wp-content\/uploads\/2021\/08\/60514991_2723692797702323_7930994258406801408_n-300x225.jpg\" alt=\"60514991_2723692797702323_7930994258406801408_n\" \/><\/figure><\/div><div class=\"swiper-slide\"><figure class=\"swiper-slide-inner\"><img decoding=\"async\" class=\"swiper-slide-image\" src=\"https:\/\/dandaranocerrado.org\/wp-content\/uploads\/2021\/08\/60421767_2723444647727138_2713429693297590272_n-300x225.jpg\" alt=\"60421767_2723444647727138_2713429693297590272_n\" \/><\/figure><\/div><div class=\"swiper-slide\"><figure class=\"swiper-slide-inner\"><img decoding=\"async\" class=\"swiper-slide-image\" src=\"https:\/\/dandaranocerrado.org\/wp-content\/uploads\/2021\/08\/60401550_2723451737726429_6851325401013157888_n-300x225.jpg\" alt=\"60401550_2723451737726429_6851325401013157888_n\" \/><\/figure><\/div><div class=\"swiper-slide\"><figure class=\"swiper-slide-inner\"><img decoding=\"async\" class=\"swiper-slide-image\" src=\"https:\/\/dandaranocerrado.org\/wp-content\/uploads\/2021\/08\/60400360_2723468001058136_8473195267770810368_n-300x225.jpg\" alt=\"60400360_2723468001058136_8473195267770810368_n\" \/><\/figure><\/div><div class=\"swiper-slide\"><figure class=\"swiper-slide-inner\"><img decoding=\"async\" class=\"swiper-slide-image\" src=\"https:\/\/dandaranocerrado.org\/wp-content\/uploads\/2021\/08\/60386043_2723692824368987_8956540184204148736_n-300x225.jpg\" alt=\"60386043_2723692824368987_8956540184204148736_n\" \/><\/figure><\/div>\t\t\t<\/div>\n\t\t\t\t\t\t\t\t\t\t\t\t<div class=\"swiper-pagination\"><\/div>\n\t\t\t\t\t\t\t\t\t\t\t\t\t<div class=\"elementor-swiper-button elementor-swiper-button-prev\">\n\t\t\t\t\t\t<i class=\"eicon-chevron-left\" aria-hidden=\"true\"><\/i>\n\t\t\t\t\t\t<span class=\"elementor-screen-only\">Anterior<\/span>\n\t\t\t\t\t<\/div>\n\t\t\t\t\t<div class=\"elementor-swiper-button elementor-swiper-button-next\">\n\t\t\t\t\t\t<i class=\"eicon-chevron-right\" aria-hidden=\"true\"><\/i>\n\t\t\t\t\t\t<span class=\"elementor-screen-only\">Pr\u00f3ximo<\/span>\n\t\t\t\t\t<\/div>\n\t\t\t\t\t\t\t\t\t<\/div>\n\t\t\t\t<\/div>\n\t\t\t\t<\/div>\n\t\t\t\t\t<\/div>\n\t\t<\/div>\n\t\t\t\t\t\t\t<\/div>\n\t\t<\/section>\n\t\t\t\t<div class=\"elementor-element elementor-element-af0f8f3 elementor-widget-divider--view-line elementor-widget elementor-widget-divider\" data-id=\"af0f8f3\" data-element_type=\"widget\" data-widget_type=\"divider.default\">\n\t\t\t\t<div class=\"elementor-widget-container\">\n\t\t\t\t\t<div class=\"elementor-divider\">\n\t\t\t<span class=\"elementor-divider-separator\">\n\t\t\t\t\t\t<\/span>\n\t\t<\/div>\n\t\t\t\t<\/div>\n\t\t\t\t<\/div>\n\t\t\t\t<div class=\"elementor-element elementor-element-f619309 elementor-widget elementor-widget-heading\" data-id=\"f619309\" data-element_type=\"widget\" data-widget_type=\"heading.default\">\n\t\t\t\t<div class=\"elementor-widget-container\">\n\t\t\t<h2 class=\"elementor-heading-title elementor-size-default\">Mulheres que transformam lixo em lucro<\/h2>\t\t<\/div>\n\t\t\t\t<\/div>\n\t\t\t\t<section class=\"elementor-section elementor-inner-section elementor-element elementor-element-2b8fb15 elementor-section-boxed elementor-section-height-default elementor-section-height-default\" data-id=\"2b8fb15\" data-element_type=\"section\">\n\t\t\t\t\t\t<div class=\"elementor-container elementor-column-gap-default\">\n\t\t\t\t\t<div class=\"elementor-column elementor-col-50 elementor-inner-column elementor-element elementor-element-2049f4b\" data-id=\"2049f4b\" data-element_type=\"column\">\n\t\t\t<div class=\"elementor-widget-wrap elementor-element-populated\">\n\t\t\t\t\t\t\t\t<div class=\"elementor-element elementor-element-19ab59e elementor-widget elementor-widget-text-editor\" data-id=\"19ab59e\" data-element_type=\"widget\" data-widget_type=\"text-editor.default\">\n\t\t\t\t<div class=\"elementor-widget-container\">\n\t\t\t\t\t\t\t\t<p>O projeto Mulheres que transformam lixo em lucro, junto ao Coletivo de Mulheres da Companhia de Urbaniza\u00e7\u00e3o do Munic\u00edpio de Goi\u00e2nia (Comurg), que visa promover a autonomia financeira de mulheres, a partir da conscientiza\u00e7\u00e3o para a sustentabilidade e da ressignifica\u00e7\u00e3o de materiais descart\u00e1veis para possibilidades artesanais de gera\u00e7\u00e3o de renda. Com o projeto, v\u00e1rias mulheres negras se capacitaram e encontraram caminhos profissionais que as fizeram ter autonomia financeira. O resultado \u00e9 que mulheres que estavam em situa\u00e7\u00e3o de viol\u00eancias e vulnerabilidade se tornaram empreendedoras negras, gestoras de seus pr\u00f3prios neg\u00f3cios.<\/p>\t\t\t\t\t\t<\/div>\n\t\t\t\t<\/div>\n\t\t\t\t\t<\/div>\n\t\t<\/div>\n\t\t\t\t<div class=\"elementor-column elementor-col-50 elementor-inner-column elementor-element elementor-element-cbd5e98\" data-id=\"cbd5e98\" data-element_type=\"column\">\n\t\t\t<div class=\"elementor-widget-wrap elementor-element-populated\">\n\t\t\t\t\t\t\t\t<div class=\"elementor-element elementor-element-c524211 elementor-arrows-position-inside elementor-pagination-position-outside elementor-widget elementor-widget-image-carousel\" data-id=\"c524211\" data-element_type=\"widget\" data-settings=\"{&quot;slides_to_show&quot;:&quot;1&quot;,&quot;navigation&quot;:&quot;both&quot;,&quot;autoplay&quot;:&quot;yes&quot;,&quot;pause_on_hover&quot;:&quot;yes&quot;,&quot;pause_on_interaction&quot;:&quot;yes&quot;,&quot;autoplay_speed&quot;:5000,&quot;infinite&quot;:&quot;yes&quot;,&quot;effect&quot;:&quot;slide&quot;,&quot;speed&quot;:500}\" data-widget_type=\"image-carousel.default\">\n\t\t\t\t<div class=\"elementor-widget-container\">\n\t\t\t\t\t<div class=\"elementor-image-carousel-wrapper swiper-container\" dir=\"ltr\">\n\t\t\t<div class=\"elementor-image-carousel swiper-wrapper\">\n\t\t\t\t<div class=\"swiper-slide\"><figure class=\"swiper-slide-inner\"><img decoding=\"async\" class=\"swiper-slide-image\" src=\"https:\/\/dandaranocerrado.org\/wp-content\/uploads\/2021\/08\/60725122_2143245625788093_5613516719659155456_n-300x169.jpg\" alt=\"60725122_2143245625788093_5613516719659155456_n\" \/><\/figure><\/div><div class=\"swiper-slide\"><figure class=\"swiper-slide-inner\"><img decoding=\"async\" class=\"swiper-slide-image\" src=\"https:\/\/dandaranocerrado.org\/wp-content\/uploads\/2021\/08\/61131470_2143245915788064_5313869903822848000_n-300x169.jpg\" alt=\"61131470_2143245915788064_5313869903822848000_n\" \/><\/figure><\/div><div class=\"swiper-slide\"><figure class=\"swiper-slide-inner\"><img decoding=\"async\" class=\"swiper-slide-image\" src=\"https:\/\/dandaranocerrado.org\/wp-content\/uploads\/2021\/08\/60849654_2143246115788044_7322735380719992832_n-300x169.jpg\" alt=\"60849654_2143246115788044_7322735380719992832_n\" \/><\/figure><\/div><div class=\"swiper-slide\"><figure class=\"swiper-slide-inner\"><img decoding=\"async\" class=\"swiper-slide-image\" src=\"https:\/\/dandaranocerrado.org\/wp-content\/uploads\/2021\/08\/60812512_2141442882635034_5950219065921372160_n-300x225.jpg\" alt=\"60812512_2141442882635034_5950219065921372160_n\" \/><\/figure><\/div><div class=\"swiper-slide\"><figure class=\"swiper-slide-inner\"><img decoding=\"async\" class=\"swiper-slide-image\" src=\"https:\/\/dandaranocerrado.org\/wp-content\/uploads\/2021\/08\/60688736_2139055502873772_2440688283475247104_n-300x225.jpg\" alt=\"60688736_2139055502873772_2440688283475247104_n\" \/><\/figure><\/div><div class=\"swiper-slide\"><figure class=\"swiper-slide-inner\"><img decoding=\"async\" class=\"swiper-slide-image\" src=\"https:\/\/dandaranocerrado.org\/wp-content\/uploads\/2021\/08\/60635169_2143245999121389_3232397042714148864_n-300x169.jpg\" alt=\"60635169_2143245999121389_3232397042714148864_n\" \/><\/figure><\/div><div class=\"swiper-slide\"><figure class=\"swiper-slide-inner\"><img decoding=\"async\" class=\"swiper-slide-image\" src=\"https:\/\/dandaranocerrado.org\/wp-content\/uploads\/2021\/08\/60627704_2141448735967782_6303914317146226688_n-225x300.jpg\" alt=\"60627704_2141448735967782_6303914317146226688_n\" \/><\/figure><\/div><div class=\"swiper-slide\"><figure class=\"swiper-slide-inner\"><img decoding=\"async\" class=\"swiper-slide-image\" src=\"https:\/\/dandaranocerrado.org\/wp-content\/uploads\/2021\/08\/60586447_2139055719540417_8275959129609076736_n-225x300.jpg\" alt=\"60586447_2139055719540417_8275959129609076736_n\" \/><\/figure><\/div><div class=\"swiper-slide\"><figure class=\"swiper-slide-inner\"><img decoding=\"async\" class=\"swiper-slide-image\" src=\"https:\/\/dandaranocerrado.org\/wp-content\/uploads\/2021\/08\/60552169_2139056072873715_5772363323437744128_n-300x225.jpg\" alt=\"60552169_2139056072873715_5772363323437744128_n\" \/><\/figure><\/div><div class=\"swiper-slide\"><figure class=\"swiper-slide-inner\"><img decoding=\"async\" class=\"swiper-slide-image\" src=\"https:\/\/dandaranocerrado.org\/wp-content\/uploads\/2021\/08\/60550971_2143245759121413_366341267031851008_n-300x165.jpg\" alt=\"60550971_2143245759121413_366341267031851008_n\" \/><\/figure><\/div><div class=\"swiper-slide\"><figure class=\"swiper-slide-inner\"><img decoding=\"async\" class=\"swiper-slide-image\" src=\"https:\/\/dandaranocerrado.org\/wp-content\/uploads\/2021\/08\/60547121_2143245522454770_3501493580080349184_n-300x169.jpg\" alt=\"60547121_2143245522454770_3501493580080349184_n\" \/><\/figure><\/div><div class=\"swiper-slide\"><figure class=\"swiper-slide-inner\"><img decoding=\"async\" class=\"swiper-slide-image\" src=\"https:\/\/dandaranocerrado.org\/wp-content\/uploads\/2021\/08\/60339193_2236541843265905_4074675614479548416_n-300x225.jpg\" alt=\"60339193_2236541843265905_4074675614479548416_n\" \/><\/figure><\/div><div class=\"swiper-slide\"><figure class=\"swiper-slide-inner\"><img decoding=\"async\" class=\"swiper-slide-image\" src=\"https:\/\/dandaranocerrado.org\/wp-content\/uploads\/2021\/08\/60334259_2139055572873765_8682353230123892736_n-300x225.jpg\" alt=\"60334259_2139055572873765_8682353230123892736_n\" \/><\/figure><\/div>\t\t\t<\/div>\n\t\t\t\t\t\t\t\t\t\t\t\t<div class=\"swiper-pagination\"><\/div>\n\t\t\t\t\t\t\t\t\t\t\t\t\t<div class=\"elementor-swiper-button elementor-swiper-button-prev\">\n\t\t\t\t\t\t<i class=\"eicon-chevron-left\" aria-hidden=\"true\"><\/i>\n\t\t\t\t\t\t<span class=\"elementor-screen-only\">Anterior<\/span>\n\t\t\t\t\t<\/div>\n\t\t\t\t\t<div class=\"elementor-swiper-button elementor-swiper-button-next\">\n\t\t\t\t\t\t<i class=\"eicon-chevron-right\" aria-hidden=\"true\"><\/i>\n\t\t\t\t\t\t<span class=\"elementor-screen-only\">Pr\u00f3ximo<\/span>\n\t\t\t\t\t<\/div>\n\t\t\t\t\t\t\t\t\t<\/div>\n\t\t\t\t<\/div>\n\t\t\t\t<\/div>\n\t\t\t\t\t<\/div>\n\t\t<\/div>\n\t\t\t\t\t\t\t<\/div>\n\t\t<\/section>\n\t\t\t\t<div class=\"elementor-element elementor-element-c763211 elementor-widget-divider--view-line elementor-widget elementor-widget-divider\" data-id=\"c763211\" data-element_type=\"widget\" data-widget_type=\"divider.default\">\n\t\t\t\t<div class=\"elementor-widget-container\">\n\t\t\t\t\t<div class=\"elementor-divider\">\n\t\t\t<span class=\"elementor-divider-separator\">\n\t\t\t\t\t\t<\/span>\n\t\t<\/div>\n\t\t\t\t<\/div>\n\t\t\t\t<\/div>\n\t\t\t\t<div class=\"elementor-element elementor-element-8e8918a elementor-widget elementor-widget-heading\" data-id=\"8e8918a\" data-element_type=\"widget\" data-widget_type=\"heading.default\">\n\t\t\t\t<div class=\"elementor-widget-container\">\n\t\t\t<h2 class=\"elementor-heading-title elementor-size-default\">Projeto Farmacinha Popular<\/h2>\t\t<\/div>\n\t\t\t\t<\/div>\n\t\t\t\t<div class=\"elementor-element elementor-element-d4026d2 elementor-widget elementor-widget-text-editor\" data-id=\"d4026d2\" data-element_type=\"widget\" data-widget_type=\"text-editor.default\">\n\t\t\t\t<div class=\"elementor-widget-container\">\n\t\t\t\t\t\t\t\t<p><span style=\"color: #3c4043; font-family: Roboto, RobotoDraft, Helvetica, Arial, sans-serif; font-size: 14px; letter-spacing: 0.2px;\">O Grupo de Mulheres Negras Dandara no Cerrado ainda tem realizado virtualmente o projeto Farmacinha Popular, que visa integrar o saber cient\u00edfico e os saberes tradicionais sobre o uso medicinal de plantas em prol da sa\u00fade da popula\u00e7\u00e3o negra, prejudicada pela falta de recursos para medicamentos e tratamentos muitas vezes inacess\u00edveis. O objetivo \u00e9 capacitar a comunidade em geral para construir uma farm\u00e1cia popular a partir do conhecimento sobre a funcionalidade de plantas do pr\u00f3prio quintal para tratamentos de doen\u00e7as.\u00a0<\/span><span style=\"color: #3c4043; font-family: Roboto, RobotoDraft, Helvetica, Arial, sans-serif; font-size: 14px; letter-spacing: 0.2px; background-color: transparent;\">Com o projeto em curso, at\u00e9 agora, temos como resultado, a cataloga\u00e7\u00e3o de centenas de plantas do coletivo, associadas a seus potenciais fitof\u00e1rmacos e fitoter\u00e1picos.<\/span><\/p>\t\t\t\t\t\t<\/div>\n\t\t\t\t<\/div>\n\t\t\t\t\t<\/div>\n\t\t<\/div>\n\t\t\t\t\t\t\t<\/div>\n\t\t<\/section>\n\t\t\t\t\t\t<\/div>\n\t\t\t\t\t<\/div>\n\t\t","protected":false},"excerpt":{"rendered":"<p>Projetos Investiga menina! Nos \u00faltimos anos, a ONG Grupo de Mulheres Negras Dandara no Cerrado tem realizado o projeto Investiga Menina!, junto ao Laborat\u00f3rio de Pesquisas em Educa\u00e7\u00e3o Qu\u00edmica e Inclus\u00e3o da Universidade Federal de Goi\u00e1s (LPEQI\/UFG), que visa incentivar meninas negras perif\u00e9ricas a seguirem carreiras cient\u00edficas. O resultado que temos acompanhado, ao longo de &hellip;<\/p>\n<p class=\"read-more\"> <a class=\"\" href=\"https:\/\/dandaranocerrado.org\/index.php\/home\/projetos\/\"> <span class=\"screen-reader-text\">Projetos<\/span> Leia mais &raquo;<\/a><\/p>\n","protected":false},"author":1,"featured_media":0,"parent":1004,"menu_order":1,"comment_status":"closed","ping_status":"closed","template":"","meta":{"om_disable_all_campaigns":false,"_monsterinsights_skip_tracking":false,"_monsterinsights_sitenote_active":false,"_monsterinsights_sitenote_note":"","_monsterinsights_sitenote_category":0,"spay_email":"","footnotes":""},"class_list":["post-639","page","type-page","status-publish","hentry"],"_links":{"self":[{"href":"https:\/\/dandaranocerrado.org\/index.php\/wp-json\/wp\/v2\/pages\/639","targetHints":{"allow":["GET"]}}],"collection":[{"href":"https:\/\/dandaranocerrado.org\/index.php\/wp-json\/wp\/v2\/pages"}],"about":[{"href":"https:\/\/dandaranocerrado.org\/index.php\/wp-json\/wp\/v2\/types\/page"}],"author":[{"embeddable":true,"href":"https:\/\/dandaranocerrado.org\/index.php\/wp-json\/wp\/v2\/users\/1"}],"replies":[{"embeddable":true,"href":"https:\/\/dandaranocerrado.org\/index.php\/wp-json\/wp\/v2\/comments?post=639"}],"version-history":[{"count":17,"href":"https:\/\/dandaranocerrado.org\/index.php\/wp-json\/wp\/v2\/pages\/639\/revisions"}],"predecessor-version":[{"id":1428,"href":"https:\/\/dandaranocerrado.org\/index.php\/wp-json\/wp\/v2\/pages\/639\/revisions\/1428"}],"up":[{"embeddable":true,"href":"https:\/\/dandaranocerrado.org\/index.php\/wp-json\/wp\/v2\/pages\/1004"}],"wp:attachment":[{"href":"https:\/\/dandaranocerrado.org\/index.php\/wp-json\/wp\/v2\/media?parent=639"}],"curies":[{"name":"wp","href":"https:\/\/api.w.org\/{rel}","templated":true}]}}