{"id":1004,"date":"2021-02-16T15:30:24","date_gmt":"2021-02-16T15:30:24","guid":{"rendered":"http:\/\/dandaranocerrado.org\/index.php\/home\/"},"modified":"2025-06-29T23:19:34","modified_gmt":"2025-06-30T02:19:34","slug":"home","status":"publish","type":"page","link":"https:\/\/dandaranocerrado.org\/","title":{"rendered":"Home"},"content":{"rendered":"\t\t<div data-elementor-type=\"wp-page\" data-elementor-id=\"1004\" class=\"elementor elementor-1004\" data-elementor-settings=\"[]\">\n\t\t\t\t\t\t\t<div class=\"elementor-section-wrap\">\n\t\t\t\t\t\t\t<section class=\"elementor-section elementor-top-section elementor-element elementor-element-ecc923b elementor-section-full_width elementor-section-height-min-height elementor-section-height-default elementor-section-items-middle\" data-id=\"ecc923b\" data-element_type=\"section\" data-settings=\"{&quot;background_background&quot;:&quot;slideshow&quot;,&quot;background_slideshow_gallery&quot;:[{&quot;id&quot;:2699,&quot;url&quot;:&quot;https:\\\/\\\/dandaranocerrado.org\\\/wp-content\\\/uploads\\\/2025\\\/04\\\/ad775aef-30f2-423a-bad4-75b5f000bf57-1-1.jpeg&quot;},{&quot;id&quot;:2712,&quot;url&quot;:&quot;https:\\\/\\\/dandaranocerrado.org\\\/wp-content\\\/uploads\\\/2025\\\/04\\\/684be590-7d1e-41c0-af82-929a5ea6cae8-1.jpeg&quot;},{&quot;id&quot;:2719,&quot;url&quot;:&quot;https:\\\/\\\/dandaranocerrado.org\\\/wp-content\\\/uploads\\\/2025\\\/04\\\/f5044a15-cf8c-4cb3-88f4-43558c1a04f8-1-1.jpeg&quot;},{&quot;id&quot;:2731,&quot;url&quot;:&quot;https:\\\/\\\/dandaranocerrado.org\\\/wp-content\\\/uploads\\\/2025\\\/04\\\/72745ada-c175-4d98-89d2-8fc53a358e5e.jpeg&quot;},{&quot;id&quot;:2729,&quot;url&quot;:&quot;https:\\\/\\\/dandaranocerrado.org\\\/wp-content\\\/uploads\\\/2025\\\/04\\\/bdefb25f-0969-4947-97eb-01a79a62ee37.jpeg&quot;},{&quot;id&quot;:2741,&quot;url&quot;:&quot;https:\\\/\\\/dandaranocerrado.org\\\/wp-content\\\/uploads\\\/2025\\\/04\\\/153c3720-141d-4bec-8051-991cdd0852e6.jpeg&quot;},{&quot;id&quot;:2772,&quot;url&quot;:&quot;https:\\\/\\\/dandaranocerrado.org\\\/wp-content\\\/uploads\\\/2025\\\/04\\\/Prancheta-1-scaled.png&quot;}],&quot;background_slideshow_loop&quot;:&quot;yes&quot;,&quot;background_slideshow_slide_duration&quot;:5000,&quot;background_slideshow_slide_transition&quot;:&quot;fade&quot;,&quot;background_slideshow_transition_duration&quot;:500}\">\n\t\t\t\t\t\t\t<div class=\"elementor-background-overlay\"><\/div>\n\t\t\t\t\t\t\t<div class=\"elementor-container elementor-column-gap-default\">\n\t\t\t\t\t<div class=\"elementor-column elementor-col-100 elementor-top-column elementor-element elementor-element-3b838eb\" data-id=\"3b838eb\" data-element_type=\"column\">\n\t\t\t<div class=\"elementor-widget-wrap elementor-element-populated\">\n\t\t\t\t\t\t\t\t<div class=\"elementor-element elementor-element-f307a35 elementor-widget elementor-widget-text-editor\" data-id=\"f307a35\" data-element_type=\"widget\" data-widget_type=\"text-editor.default\">\n\t\t\t\t<div class=\"elementor-widget-container\">\n\t\t\t\t\t\t\t\t<p><span style=\"color: #ffffff;\"><strong>Bem-vinda(o) ao<\/strong><\/span><\/p>\t\t\t\t\t\t<\/div>\n\t\t\t\t<\/div>\n\t\t\t\t<div class=\"elementor-element elementor-element-c073122 elementor-widget elementor-widget-heading\" data-id=\"c073122\" data-element_type=\"widget\" data-widget_type=\"heading.default\">\n\t\t\t\t<div class=\"elementor-widget-container\">\n\t\t\t<h2 class=\"elementor-heading-title elementor-size-default\">Grupo de Mulheres Negras\nDandara no Cerrado<\/h2>\t\t<\/div>\n\t\t\t\t<\/div>\n\t\t\t\t<div class=\"elementor-element elementor-element-35396cf elementor-widget elementor-widget-text-editor\" data-id=\"35396cf\" data-element_type=\"widget\" data-widget_type=\"text-editor.default\">\n\t\t\t\t<div class=\"elementor-widget-container\">\n\t\t\t\t\t\t\t\t<p style=\"text-align: center;\"><span style=\"color: #ffffff;\"><em>Mulheres Negras &#8211; promovendo as mulheres para combater a viol\u00eancia e a discrimina\u00e7\u00e3o racial<\/em><\/span><\/p>\t\t\t\t\t\t<\/div>\n\t\t\t\t<\/div>\n\t\t\t\t<div class=\"elementor-element elementor-element-2a67410 elementor-widget elementor-widget-spacer\" data-id=\"2a67410\" data-element_type=\"widget\" data-widget_type=\"spacer.default\">\n\t\t\t\t<div class=\"elementor-widget-container\">\n\t\t\t\t\t<div class=\"elementor-spacer\">\n\t\t\t<div class=\"elementor-spacer-inner\"><\/div>\n\t\t<\/div>\n\t\t\t\t<\/div>\n\t\t\t\t<\/div>\n\t\t\t\t<div class=\"elementor-element elementor-element-c699dae elementor-align-center elementor-widget elementor-widget-button\" data-id=\"c699dae\" data-element_type=\"widget\" data-widget_type=\"button.default\">\n\t\t\t\t<div class=\"elementor-widget-container\">\n\t\t\t\t\t<div class=\"elementor-button-wrapper\">\n\t\t\t<a href=\"https:\/\/dandaranocerrado.wixsite.com\/loja\" target=\"_blank\" class=\"elementor-button-link elementor-button elementor-size-xs\" role=\"button\">\n\t\t\t\t\t\t<span class=\"elementor-button-content-wrapper\">\n\t\t\t\t\t\t<span class=\"elementor-button-text\">Loja virtual<\/span>\n\t\t<\/span>\n\t\t\t\t\t<\/a>\n\t\t<\/div>\n\t\t\t\t<\/div>\n\t\t\t\t<\/div>\n\t\t\t\t\t<\/div>\n\t\t<\/div>\n\t\t\t\t\t\t\t<\/div>\n\t\t<\/section>\n\t\t\t\t<section class=\"elementor-section elementor-top-section elementor-element elementor-element-ed761e3 elementor-section-boxed elementor-section-height-default elementor-section-height-default\" data-id=\"ed761e3\" data-element_type=\"section\">\n\t\t\t\t\t\t<div class=\"elementor-container elementor-column-gap-default\">\n\t\t\t\t\t<div class=\"elementor-column elementor-col-100 elementor-top-column elementor-element elementor-element-91eeba5\" data-id=\"91eeba5\" data-element_type=\"column\">\n\t\t\t<div class=\"elementor-widget-wrap elementor-element-populated\">\n\t\t\t\t\t\t\t\t<div class=\"elementor-element elementor-element-3feaa52 elementor-widget elementor-widget-spacer\" data-id=\"3feaa52\" data-element_type=\"widget\" data-widget_type=\"spacer.default\">\n\t\t\t\t<div class=\"elementor-widget-container\">\n\t\t\t\t\t<div class=\"elementor-spacer\">\n\t\t\t<div class=\"elementor-spacer-inner\"><\/div>\n\t\t<\/div>\n\t\t\t\t<\/div>\n\t\t\t\t<\/div>\n\t\t\t\t<div class=\"elementor-element elementor-element-0c09487 elementor-widget elementor-widget-heading\" data-id=\"0c09487\" data-element_type=\"widget\" data-widget_type=\"heading.default\">\n\t\t\t\t<div class=\"elementor-widget-container\">\n\t\t\t<h2 class=\"elementor-heading-title elementor-size-default\">Recortes e traget\u00f3rias<\/h2>\t\t<\/div>\n\t\t\t\t<\/div>\n\t\t\t\t\t<\/div>\n\t\t<\/div>\n\t\t\t\t\t\t\t<\/div>\n\t\t<\/section>\n\t\t\t\t<section class=\"elementor-section elementor-top-section elementor-element elementor-element-a611dbc elementor-section-boxed elementor-section-height-default elementor-section-height-default\" data-id=\"a611dbc\" data-element_type=\"section\" data-settings=\"{&quot;background_background&quot;:&quot;classic&quot;}\">\n\t\t\t\t\t\t\t<div class=\"elementor-background-overlay\"><\/div>\n\t\t\t\t\t\t\t<div class=\"elementor-container elementor-column-gap-default\">\n\t\t\t\t\t<div class=\"elementor-column elementor-col-33 elementor-top-column elementor-element elementor-element-6151dfb\" data-id=\"6151dfb\" data-element_type=\"column\">\n\t\t\t<div class=\"elementor-widget-wrap elementor-element-populated\">\n\t\t\t\t\t\t\t\t<div class=\"elementor-element elementor-element-766dc37 elementor-aspect-ratio-169 elementor-widget elementor-widget-video\" data-id=\"766dc37\" data-element_type=\"widget\" data-settings=\"{&quot;youtube_url&quot;:&quot;https:\\\/\\\/www.youtube.com\\\/watch?v=gB5upZvTVoY&amp;t=786&quot;,&quot;lazy_load&quot;:&quot;yes&quot;,&quot;video_type&quot;:&quot;youtube&quot;,&quot;controls&quot;:&quot;yes&quot;,&quot;aspect_ratio&quot;:&quot;169&quot;}\" data-widget_type=\"video.default\">\n\t\t\t\t<div class=\"elementor-widget-container\">\n\t\t\t\t\t<div class=\"elementor-wrapper elementor-fit-aspect-ratio elementor-open-inline\">\n\t\t\t<div class=\"elementor-video\"><\/div>\t\t<\/div>\n\t\t\t\t<\/div>\n\t\t\t\t<\/div>\n\t\t\t\t<div class=\"elementor-element elementor-element-fce5db8 elementor-widget elementor-widget-text-editor\" data-id=\"fce5db8\" data-element_type=\"widget\" data-widget_type=\"text-editor.default\">\n\t\t\t\t<div class=\"elementor-widget-container\">\n\t\t\t\t\t\t\t\t<p style=\"text-align: center;\"><span style=\"color: #ffffff;\"><strong>Se eu fosse uma flor<\/strong><\/span><\/p>\n<p style=\"text-align: center;\"><span style=\"color: #ffffff;\">Filme de Marta Cezaria, fundadora do Grupo de Mulheres Negras Dandara no Cerrado, produzido em 2013.<\/span><\/p>\t\t\t\t\t\t<\/div>\n\t\t\t\t<\/div>\n\t\t\t\t\t<\/div>\n\t\t<\/div>\n\t\t\t\t<div class=\"elementor-column elementor-col-33 elementor-top-column elementor-element elementor-element-0df5633\" data-id=\"0df5633\" data-element_type=\"column\">\n\t\t\t<div class=\"elementor-widget-wrap elementor-element-populated\">\n\t\t\t\t\t\t\t\t<div class=\"elementor-element elementor-element-bb8c9e7 elementor-aspect-ratio-169 elementor-widget elementor-widget-video\" data-id=\"bb8c9e7\" data-element_type=\"widget\" data-settings=\"{&quot;youtube_url&quot;:&quot;https:\\\/\\\/www.youtube.com\\\/watch?v=OOtW-Yd-w7A&quot;,&quot;lazy_load&quot;:&quot;yes&quot;,&quot;video_type&quot;:&quot;youtube&quot;,&quot;controls&quot;:&quot;yes&quot;,&quot;aspect_ratio&quot;:&quot;169&quot;}\" data-widget_type=\"video.default\">\n\t\t\t\t<div class=\"elementor-widget-container\">\n\t\t\t\t\t<div class=\"elementor-wrapper elementor-fit-aspect-ratio elementor-open-inline\">\n\t\t\t<div class=\"elementor-video\"><\/div>\t\t<\/div>\n\t\t\t\t<\/div>\n\t\t\t\t<\/div>\n\t\t\t\t<div class=\"elementor-element elementor-element-c66334e elementor-widget elementor-widget-text-editor\" data-id=\"c66334e\" data-element_type=\"widget\" data-widget_type=\"text-editor.default\">\n\t\t\t\t<div class=\"elementor-widget-container\">\n\t\t\t\t\t\t\t\t<p style=\"text-align: center;\"><span style=\"color: #ffffff;\"><strong>Caravana Minas do Ros\u00e1rio &#8211; Mitos do Brasil Central<\/strong><\/span><\/p>\n<p style=\"text-align: center;\"><span style=\"color: #ffffff;\">V\u00eddeo produzido pelo Grupo de Mulheres Negras Dandara no Cerrado, junto a comunidades quilombolas do estado de Goi\u00e1s, em 2012<\/span><\/p>\t\t\t\t\t\t<\/div>\n\t\t\t\t<\/div>\n\t\t\t\t\t<\/div>\n\t\t<\/div>\n\t\t\t\t<div class=\"elementor-column elementor-col-33 elementor-top-column elementor-element elementor-element-d8391c3\" data-id=\"d8391c3\" data-element_type=\"column\">\n\t\t\t<div class=\"elementor-widget-wrap elementor-element-populated\">\n\t\t\t\t\t\t\t\t<div class=\"elementor-element elementor-element-71b8b3a elementor-aspect-ratio-169 elementor-widget elementor-widget-video\" data-id=\"71b8b3a\" data-element_type=\"widget\" data-settings=\"{&quot;youtube_url&quot;:&quot;https:\\\/\\\/youtu.be\\\/U6zkVrz7pN8&quot;,&quot;lazy_load&quot;:&quot;yes&quot;,&quot;video_type&quot;:&quot;youtube&quot;,&quot;controls&quot;:&quot;yes&quot;,&quot;aspect_ratio&quot;:&quot;169&quot;}\" data-widget_type=\"video.default\">\n\t\t\t\t<div class=\"elementor-widget-container\">\n\t\t\t\t\t<div class=\"elementor-wrapper elementor-fit-aspect-ratio elementor-open-inline\">\n\t\t\t<div class=\"elementor-video\"><\/div>\t\t<\/div>\n\t\t\t\t<\/div>\n\t\t\t\t<\/div>\n\t\t\t\t<div class=\"elementor-element elementor-element-e487889 elementor-widget elementor-widget-text-editor\" data-id=\"e487889\" data-element_type=\"widget\" data-widget_type=\"text-editor.default\">\n\t\t\t\t<div class=\"elementor-widget-container\">\n\t\t\t\t\t\t\t\t<p style=\"text-align: center;\"><span style=\"color: #ffffff;\"><strong>Projeto Investiga Menina! apresenta Anna Benite<\/strong><\/span><\/p>\n<p style=\"text-align: center;\"><span style=\"color: #ffffff;\">A cientista Anna Benite, militante do Grupo de Mulheres Negras Dandara no Cerrado, conta sua trajet\u00f3ria pessoal e profissional no projeto Investiga Menina!<\/span><\/p>\t\t\t\t\t\t<\/div>\n\t\t\t\t<\/div>\n\t\t\t\t\t<\/div>\n\t\t<\/div>\n\t\t\t\t\t\t\t<\/div>\n\t\t<\/section>\n\t\t\t\t<section class=\"elementor-section elementor-top-section elementor-element elementor-element-6bdd002 elementor-section-boxed elementor-section-height-default elementor-section-height-default\" data-id=\"6bdd002\" data-element_type=\"section\">\n\t\t\t\t\t\t<div class=\"elementor-container elementor-column-gap-default\">\n\t\t\t\t\t<div class=\"elementor-column elementor-col-100 elementor-top-column elementor-element elementor-element-26fc061\" data-id=\"26fc061\" data-element_type=\"column\">\n\t\t\t<div class=\"elementor-widget-wrap elementor-element-populated\">\n\t\t\t\t\t\t\t\t<div class=\"elementor-element elementor-element-b7b0830 elementor-widget elementor-widget-spacer\" data-id=\"b7b0830\" data-element_type=\"widget\" data-widget_type=\"spacer.default\">\n\t\t\t\t<div class=\"elementor-widget-container\">\n\t\t\t\t\t<div class=\"elementor-spacer\">\n\t\t\t<div class=\"elementor-spacer-inner\"><\/div>\n\t\t<\/div>\n\t\t\t\t<\/div>\n\t\t\t\t<\/div>\n\t\t\t\t<div class=\"elementor-element elementor-element-60ded25 elementor-widget elementor-widget-heading\" data-id=\"60ded25\" data-element_type=\"widget\" data-widget_type=\"heading.default\">\n\t\t\t\t<div class=\"elementor-widget-container\">\n\t\t\t<h2 class=\"elementor-heading-title elementor-size-default\">O que vem por a\u00ed<\/h2>\t\t<\/div>\n\t\t\t\t<\/div>\n\t\t\t\t\t<\/div>\n\t\t<\/div>\n\t\t\t\t\t\t\t<\/div>\n\t\t<\/section>\n\t\t\t\t<section class=\"elementor-section elementor-top-section elementor-element elementor-element-31c2c6d0 elementor-section-boxed elementor-section-height-default elementor-section-height-default\" data-id=\"31c2c6d0\" data-element_type=\"section\">\n\t\t\t\t\t\t<div class=\"elementor-container elementor-column-gap-default\">\n\t\t\t\t\t<div class=\"elementor-column elementor-col-100 elementor-top-column elementor-element elementor-element-2bbf6fa9\" data-id=\"2bbf6fa9\" data-element_type=\"column\">\n\t\t\t<div class=\"elementor-widget-wrap elementor-element-populated\">\n\t\t\t\t\t\t\t\t<div class=\"elementor-element elementor-element-c4efcc5 elementor-widget elementor-widget-wp-widget-recent-posts-widget-with-thumbnails\" data-id=\"c4efcc5\" data-element_type=\"widget\" data-widget_type=\"wp-widget-recent-posts-widget-with-thumbnails.default\">\n\t\t\t\t<div class=\"elementor-widget-container\">\n\t\t\t\n<div id=\"rpwwt-wp-widget-recent-posts-widget-with-thumbnails\" class=\"rpwwt-widget\">\r\n\t<nav role=\"navigation\" aria-label=\"Recent Posts With Thumbnails\">\r\n\t<ul>\r\n\t\t<li><a href=\"https:\/\/dandaranocerrado.org\/index.php\/2025\/12\/28\/feliz-natal\/\" target=\"_blank\"><img loading=\"lazy\" decoding=\"async\" width=\"300\" height=\"300\" src=\"https:\/\/dandaranocerrado.org\/wp-content\/uploads\/2025\/12\/WhatsApp-Image-2025-12-26-at-20.47.08-300x300.jpeg\" class=\"attachment-medium size-medium wp-post-image\" alt=\"\" srcset=\"https:\/\/dandaranocerrado.org\/wp-content\/uploads\/2025\/12\/WhatsApp-Image-2025-12-26-at-20.47.08-300x300.jpeg 300w, https:\/\/dandaranocerrado.org\/wp-content\/uploads\/2025\/12\/WhatsApp-Image-2025-12-26-at-20.47.08-150x150.jpeg 150w, https:\/\/dandaranocerrado.org\/wp-content\/uploads\/2025\/12\/WhatsApp-Image-2025-12-26-at-20.47.08-768x768.jpeg 768w, https:\/\/dandaranocerrado.org\/wp-content\/uploads\/2025\/12\/WhatsApp-Image-2025-12-26-at-20.47.08.jpeg 800w\" sizes=\"auto, (max-width: 300px) 100vw, 300px\" \/><span class=\"rpwwt-post-title\">Feliz Natal<\/span><\/a><div class=\"rpwwt-post-categories\">Categoria: Geral<\/div><div class=\"rpwwt-post-date\">28\/12\/2025<\/div><\/li>\r\n\t\t<li><a href=\"https:\/\/dandaranocerrado.org\/index.php\/2025\/11\/26\/marcha-das-mulheres-negras-brasilia\/\" target=\"_blank\"><img loading=\"lazy\" decoding=\"async\" width=\"300\" height=\"225\" src=\"https:\/\/dandaranocerrado.org\/wp-content\/uploads\/2025\/11\/IMG-20251126-WA0061-300x225.jpg\" class=\"attachment-medium size-medium wp-post-image\" alt=\"\" srcset=\"https:\/\/dandaranocerrado.org\/wp-content\/uploads\/2025\/11\/IMG-20251126-WA0061-300x225.jpg 300w, https:\/\/dandaranocerrado.org\/wp-content\/uploads\/2025\/11\/IMG-20251126-WA0061-1024x768.jpg 1024w, https:\/\/dandaranocerrado.org\/wp-content\/uploads\/2025\/11\/IMG-20251126-WA0061-768x576.jpg 768w, https:\/\/dandaranocerrado.org\/wp-content\/uploads\/2025\/11\/IMG-20251126-WA0061-1536x1152.jpg 1536w, https:\/\/dandaranocerrado.org\/wp-content\/uploads\/2025\/11\/IMG-20251126-WA0061-2048x1536.jpg 2048w\" sizes=\"auto, (max-width: 300px) 100vw, 300px\" \/><span class=\"rpwwt-post-title\">Marcha das mulheres negras Bras\u00edlia<\/span><\/a><div class=\"rpwwt-post-categories\">Categoria: Eventos, Geral, Not\u00edcias<\/div><div class=\"rpwwt-post-date\">26\/11\/2025<\/div><\/li>\r\n\t\t<li><a href=\"https:\/\/dandaranocerrado.org\/index.php\/2025\/11\/23\/mobilizacao-com-as-dandaras-que-irao-para-a-marcha-das-mulheres-negras-no-dia-25-de-novembro-em-brasilia\/\" target=\"_blank\"><img loading=\"lazy\" decoding=\"async\" width=\"300\" height=\"169\" src=\"https:\/\/dandaranocerrado.org\/wp-content\/uploads\/2025\/11\/IMG-20251123-WA0100-300x169.jpg\" class=\"attachment-medium size-medium wp-post-image\" alt=\"\" srcset=\"https:\/\/dandaranocerrado.org\/wp-content\/uploads\/2025\/11\/IMG-20251123-WA0100-300x169.jpg 300w, https:\/\/dandaranocerrado.org\/wp-content\/uploads\/2025\/11\/IMG-20251123-WA0100-1024x576.jpg 1024w, https:\/\/dandaranocerrado.org\/wp-content\/uploads\/2025\/11\/IMG-20251123-WA0100-768x432.jpg 768w, https:\/\/dandaranocerrado.org\/wp-content\/uploads\/2025\/11\/IMG-20251123-WA0100-1536x864.jpg 1536w, https:\/\/dandaranocerrado.org\/wp-content\/uploads\/2025\/11\/IMG-20251123-WA0100.jpg 1600w\" sizes=\"auto, (max-width: 300px) 100vw, 300px\" \/><span class=\"rpwwt-post-title\">Mobiliza\u00e7\u00e3o com as dandaras que ir\u00e3o para \u00e0 Marcha das Mulheres Negras no dia 25 de Novembro em Bras\u00edlia<\/span><\/a><div class=\"rpwwt-post-categories\">Categoria: Eventos, Geral<\/div><div class=\"rpwwt-post-date\">23\/11\/2025<\/div><\/li>\r\n\t\t<li><a href=\"https:\/\/dandaranocerrado.org\/index.php\/2025\/11\/17\/o-grupo-de-mulheres-negras-dandara-no-cerrado-convida-para-o-esquenta-da-deliciosa-feijoada\/\" target=\"_blank\"><img loading=\"lazy\" decoding=\"async\" width=\"300\" height=\"300\" src=\"https:\/\/dandaranocerrado.org\/wp-content\/uploads\/2025\/11\/Feijoada-300x300.jpg\" class=\"attachment-medium size-medium wp-post-image\" alt=\"\" srcset=\"https:\/\/dandaranocerrado.org\/wp-content\/uploads\/2025\/11\/Feijoada-300x300.jpg 300w, https:\/\/dandaranocerrado.org\/wp-content\/uploads\/2025\/11\/Feijoada-150x150.jpg 150w, https:\/\/dandaranocerrado.org\/wp-content\/uploads\/2025\/11\/Feijoada.jpg 520w\" sizes=\"auto, (max-width: 300px) 100vw, 300px\" \/><span class=\"rpwwt-post-title\">O grupo de Mulheres Negras Dandara no Cerrado convida para o esquenta da deliciosa feijoada.<\/span><\/a><div class=\"rpwwt-post-categories\">Categoria: Geral<\/div><div class=\"rpwwt-post-date\">17\/11\/2025<\/div><\/li>\r\n\t\t<li><a href=\"https:\/\/dandaranocerrado.org\/index.php\/2025\/11\/17\/ciranda-de-historias-rumo-a-marcha-de-mulheres-negras-2025\/\" target=\"_blank\"><img loading=\"lazy\" decoding=\"async\" width=\"169\" height=\"300\" src=\"https:\/\/dandaranocerrado.org\/wp-content\/uploads\/2025\/11\/Folder-169x300.jpg\" class=\"attachment-medium size-medium wp-post-image\" alt=\"\" srcset=\"https:\/\/dandaranocerrado.org\/wp-content\/uploads\/2025\/11\/Folder-169x300.jpg 169w, https:\/\/dandaranocerrado.org\/wp-content\/uploads\/2025\/11\/Folder-576x1024.jpg 576w, https:\/\/dandaranocerrado.org\/wp-content\/uploads\/2025\/11\/Folder-768x1365.jpg 768w, https:\/\/dandaranocerrado.org\/wp-content\/uploads\/2025\/11\/Folder-864x1536.jpg 864w, https:\/\/dandaranocerrado.org\/wp-content\/uploads\/2025\/11\/Folder.jpg 900w\" sizes=\"auto, (max-width: 169px) 100vw, 169px\" \/><span class=\"rpwwt-post-title\">Ciranda de hist\u00f3rias rumo \u00e0 marcha de mulheres negras 2025<\/span><\/a><div class=\"rpwwt-post-categories\">Categoria: Geral<\/div><div class=\"rpwwt-post-date\">17\/11\/2025<\/div><\/li>\r\n\t<\/ul>\r\n\t<\/nav>\r\n<\/div><!-- .rpwwt-widget -->\r\n\t\t<\/div>\n\t\t\t\t<\/div>\n\t\t\t\t\t<\/div>\n\t\t<\/div>\n\t\t\t\t\t\t\t<\/div>\n\t\t<\/section>\n\t\t\t\t\t\t<\/div>\n\t\t\t\t\t<\/div>\n\t\t","protected":false},"excerpt":{"rendered":"<p>Bem-vinda(o) ao Grupo de Mulheres Negras Dandara no Cerrado Mulheres Negras &#8211; promovendo as mulheres para combater a viol\u00eancia e a discrimina\u00e7\u00e3o racial Loja virtual Recortes e traget\u00f3rias https:\/\/www.youtube.com\/watch?v=gB5upZvTVoY&#038;t=786 Se eu fosse uma flor Filme de Marta Cezaria, fundadora do Grupo de Mulheres Negras Dandara no Cerrado, produzido em 2013. https:\/\/www.youtube.com\/watch?v=OOtW-Yd-w7A Caravana Minas do Ros\u00e1rio &hellip;<\/p>\n<p class=\"read-more\"> <a class=\"\" href=\"https:\/\/dandaranocerrado.org\/index.php\/2025\/11\/17\/ciranda-de-historias-rumo-a-marcha-de-mulheres-negras-2025\/\"> <span class=\"screen-reader-text\">Ciranda de hist\u00f3rias rumo \u00e0 marcha de mulheres negras 2025<\/span> Leia mais &raquo;<\/a><\/p>\n","protected":false},"author":1,"featured_media":0,"parent":0,"menu_order":0,"comment_status":"closed","ping_status":"closed","template":"","meta":{"om_disable_all_campaigns":false,"_monsterinsights_skip_tracking":false,"_monsterinsights_sitenote_active":false,"_monsterinsights_sitenote_note":"","_monsterinsights_sitenote_category":0,"spay_email":"","footnotes":""},"class_list":["post-1004","page","type-page","status-publish","hentry"],"_links":{"self":[{"href":"https:\/\/dandaranocerrado.org\/index.php\/wp-json\/wp\/v2\/pages\/1004","targetHints":{"allow":["GET"]}}],"collection":[{"href":"https:\/\/dandaranocerrado.org\/index.php\/wp-json\/wp\/v2\/pages"}],"about":[{"href":"https:\/\/dandaranocerrado.org\/index.php\/wp-json\/wp\/v2\/types\/page"}],"author":[{"embeddable":true,"href":"https:\/\/dandaranocerrado.org\/index.php\/wp-json\/wp\/v2\/users\/1"}],"replies":[{"embeddable":true,"href":"https:\/\/dandaranocerrado.org\/index.php\/wp-json\/wp\/v2\/comments?post=1004"}],"version-history":[{"count":147,"href":"https:\/\/dandaranocerrado.org\/index.php\/wp-json\/wp\/v2\/pages\/1004\/revisions"}],"predecessor-version":[{"id":2839,"href":"https:\/\/dandaranocerrado.org\/index.php\/wp-json\/wp\/v2\/pages\/1004\/revisions\/2839"}],"wp:attachment":[{"href":"https:\/\/dandaranocerrado.org\/index.php\/wp-json\/wp\/v2\/media?parent=1004"}],"curies":[{"name":"wp","href":"https:\/\/api.w.org\/{rel}","templated":true}]}}